


	{"id":1034,"date":"2025-06-26T08:51:58","date_gmt":"2025-06-26T01:51:58","guid":{"rendered":"https:\/\/muabanvinhomes.vn\/vinhomes-royal-island\/?page_id=1034"},"modified":"2026-04-11T08:35:55","modified_gmt":"2026-04-11T01:35:55","slug":"lien-he","status":"publish","type":"page","link":"https:\/\/muabanvinhomes.vn\/vinhomes-royal-island\/lien-he\/","title":{"rendered":"Li\u00ean h\u1ec7"},"content":{"rendered":"\n  <div class=\"banner has-hover\" id=\"banner-1160069764\">\n          <div class=\"banner-inner fill\">\n        <div class=\"banner-bg fill\" >\n            <div class=\"bg fill bg-fill bg-loaded\"><\/div>\n                                    \n                    <\/div>\n\t\t\n        <div class=\"banner-layers container\">\n            <div class=\"fill banner-link\"><\/div>            \n   <div id=\"text-box-1965387488\" class=\"text-box banner-layer x50 md-x50 lg-x50 y50 md-y50 lg-y50 res-text\">\n                                <div class=\"text-box-content text \">\n              \n              <div class=\"text-inner text-center\">\n                  \n<h2 class=\"entry-title\"><strong>Li\u00ean H\u1ec7<\/strong><\/h2>\n              <\/div>\n           <\/div>\n                            \n<style>\n#text-box-1965387488 {\n  width: 60%;\n}\n#text-box-1965387488 .text-box-content {\n  font-size: 100%;\n}\n<\/style>\n    <\/div>\n \n        <\/div>\n      <\/div>\n\n            \n<style>\n#banner-1160069764 {\n  padding-top: 15%;\n  background-color: #b99f6e;\n}\n#banner-1160069764 .ux-shape-divider--top svg {\n  height: 150px;\n  --divider-top-width: 100%;\n}\n#banner-1160069764 .ux-shape-divider--bottom svg {\n  height: 150px;\n  --divider-width: 100%;\n}\n<\/style>\n  <\/div>\n\n\n<div class=\"row\"  id=\"row-1236798929\">\n\n\t<div id=\"col-1981792505\" class=\"col medium-6 small-12 large-6\"  >\n\t\t\t\t<div class=\"col-inner\"  >\n\t\t\t\n\t\t\t\n<div class=\"container section-title-container\" ><h3 class=\"section-title section-title-bold\"><b><\/b><span class=\"section-title-main\" >TH\u00d4NG TIN LI\u00caN H\u1ec6<\/span><b><\/b><\/h3><\/div>\n\t<div id=\"text-2741719129\" class=\"text sec-footer text-lh\">\n\t\t\n<p>Qu\u00fd kh\u00e1ch h\u00e0ng c\u1ea7n li\u00ean h\u1ec7 h\u1ed7 tr\u1ee3 t\u01b0 v\u1ea5n, cung c\u1ea5p th\u00f4ng tin, quy tr\u00ecnh th\u1ee7 t\u1ee5c\u2026 D\u1ef1 \u00e1n\u00a0<strong>Vinhomes Royal Island<\/strong>\u00a0c\u1ee7a ch\u00fang t\u00f4i vui l\u00f2ng li\u00ean h\u1ec7 v\u1edbi b\u1ed9 ph\u1eadn ph\u1ee5 tr\u00e1ch theo th\u00f4ng tin ho\u1eb7c bi\u1ec3u m\u1eabu b\u00ean d\u01b0\u1edbi.<\/p>\n<ul>\n<li><i class=\"fa fa-volume-control-phone\" aria-hidden=\"true\"><\/i><strong>Hotline:<\/strong> 0842.866.966<\/li>\n<li><i class=\"fusion-li-icon fa-envelope-open-text fas\" aria-hidden=\"true\"><\/i><strong>Email:<\/strong> manhanland@gmail.com<\/li>\n<li><i class=\"fusion-li-icon fa-map-marker-alt fas\" aria-hidden=\"true\"><\/i><strong>\u0110\u1ecba ch\u1ec9:<\/strong>\u00a0\u0110\u1ea3o V\u0169 Y\u00ean, Thu\u1ef7 Tri\u1ec1u, Huy\u1ec7n Th\u1ee7y Nguy\u00ean v\u00e0 Qu\u1eadn H\u1ea3i An, Tp H\u1ea3i Ph\u00f2ng, Vi\u1ec7t Nam.<\/li>\n<li><i class=\"fusion-li-icon fa-map-marker-alt fas\" aria-hidden=\"true\"><\/i><b>Li\u00ean h\u1ec7:\u00a0<\/b>HP 101 &#8211; \u0110\u01b0\u1eddng H\u1ea1nh Ph\u00fac &#8211; Vinhomes V\u0169 Y\u00ean &#8211; Tp H\u1ea3i Ph\u00f2ng<\/li>\n<\/ul>\n\t\t\t<\/div>\n\t\n\t\t<\/div>\n\t\t\t\t\t<\/div>\n\n\t\n\n\t<div id=\"col-534556197\" class=\"col medium-6 small-12 large-6\"  >\n\t\t\t\t<div class=\"col-inner\"  >\n\t\t\t\n\t\t\t\n<div class=\"container section-title-container\" ><h3 class=\"section-title section-title-bold\"><b><\/b><span class=\"section-title-main\" >BI\u1ec2U M\u1eaaU LI\u00caN H\u1ec6<\/span><b><\/b><\/h3><\/div>\n\n<div class=\"wpcf7 no-js\" id=\"wpcf7-f1161-o1\" lang=\"vi\" dir=\"ltr\" data-wpcf7-id=\"1161\">\n<div class=\"screen-reader-response\"><p role=\"status\" aria-live=\"polite\" aria-atomic=\"true\"><\/p> <ul><\/ul><\/div>\n<form action=\"\/vinhomes-royal-island\/wp-json\/wp\/v2\/pages\/1034#wpcf7-f1161-o1\" method=\"post\" class=\"wpcf7-form init\" aria-label=\"Form li\u00ean h\u1ec7\" novalidate=\"novalidate\" data-status=\"init\">\n<div style=\"display: none;\">\n<input type=\"hidden\" name=\"_wpcf7\" value=\"1161\" \/>\n<input type=\"hidden\" name=\"_wpcf7_version\" value=\"6.0.6\" \/>\n<input type=\"hidden\" name=\"_wpcf7_locale\" value=\"vi\" \/>\n<input type=\"hidden\" name=\"_wpcf7_unit_tag\" value=\"wpcf7-f1161-o1\" \/>\n<input type=\"hidden\" name=\"_wpcf7_container_post\" value=\"0\" \/>\n<input type=\"hidden\" name=\"_wpcf7_posted_data_hash\" value=\"\" \/>\n<\/div>\n<div class=\"form-tv form-dk\">\n\t<div class=\"row align-middle align-center\">\n\t\t<div class=\"col medium-12 lua-chon\">\n\t\t\t<p><span class=\"wpcf7-form-control-wrap\" data-name=\"checkbox-703\"><span class=\"wpcf7-form-control wpcf7-checkbox\"><span class=\"wpcf7-list-item first\"><label><input type=\"checkbox\" name=\"checkbox-703[]\" value=\"Nh\u1eadn th\u00f4ng tin, gi\u00e1 b\u00e1n.\" \/><span class=\"wpcf7-list-item-label\">Nh\u1eadn th\u00f4ng tin, gi\u00e1 b\u00e1n.<\/span><\/label><\/span><span class=\"wpcf7-list-item last\"><label><input type=\"checkbox\" name=\"checkbox-703[]\" value=\"Tham quan nh\u00e0 m\u1eabu, d\u1ef1 \u00e1n.\" \/><span class=\"wpcf7-list-item-label\">Tham quan nh\u00e0 m\u1eabu, d\u1ef1 \u00e1n.<\/span><\/label><\/span><\/span><\/span>\n\t\t\t<\/p>\n\t\t<\/div>\n\t\t<div class=\"col medium-12\">\n\t\t\t<p><span class=\"fa fa-address-card\"><\/span><span class=\"wpcf7-form-control-wrap\" data-name=\"text-501\"><input size=\"40\" maxlength=\"400\" class=\"wpcf7-form-control wpcf7-text wpcf7-validates-as-required\" aria-required=\"true\" aria-invalid=\"false\" placeholder=\"H\u1ecd v\u00e0 t\u00ean..*\" value=\"\" type=\"text\" name=\"text-501\" \/><\/span>\n\t\t\t<\/p>\n\t\t<\/div>\n\t\t<div class=\"col medium-12\">\n\t\t\t<p><span class=\"fa fa-paper-plane\"><\/span><span class=\"wpcf7-form-control-wrap\" data-name=\"tel-550\"><input size=\"40\" maxlength=\"10\" minlength=\"10\" class=\"wpcf7-form-control wpcf7-tel wpcf7-validates-as-required wpcf7-text wpcf7-validates-as-tel\" aria-required=\"true\" aria-invalid=\"false\" placeholder=\"S\u1ed1 \u0111i\u1ec7n tho\u1ea1i..*\" value=\"\" type=\"tel\" name=\"tel-550\" \/><\/span>\n\t\t\t<\/p>\n\t\t<\/div>\n\t\t<div class=\"col medium-12\">\n\t\t\t<p><span class=\"fa fa-commenting\"><\/span><span class=\"wpcf7-form-control-wrap\" data-name=\"select-890\"><select class=\"wpcf7-form-control wpcf7-select\" aria-invalid=\"false\" name=\"select-890\"><option value=\"Nh\u00e0 m\u00ecnh \u0111ang quan t\u00e2m \u0111\u1ebfn lo\u1ea1i h\u00ecnh n\u00e0o?\">Nh\u00e0 m\u00ecnh \u0111ang quan t\u00e2m \u0111\u1ebfn lo\u1ea1i h\u00ecnh n\u00e0o?<\/option><option value=\"Shophouse\">Shophouse<\/option><option value=\"Li\u1ec1n k\u1ec1\">Li\u1ec1n k\u1ec1<\/option><option value=\"Bi\u1ec7t th\u1ef1\">Bi\u1ec7t th\u1ef1<\/option><option value=\"Dinh th\u1ef1\">Dinh th\u1ef1<\/option><\/select><\/span>\n\t\t\t<\/p>\n\t\t<\/div>\n\t\t<div class=\"col medium-6\">\n\t\t\t<p><input class=\"wpcf7-form-control wpcf7-submit has-spinner btn-taivemay\" type=\"submit\" value=\"\u0110\u0102NG K\u00dd T\u01af V\u1ea4N NGAY\" \/>\n\t\t\t<\/p>\n\t\t<\/div>\n\t<\/div>\n<\/div><p style=\"display: none !important;\" class=\"akismet-fields-container\" data-prefix=\"_wpcf7_ak_\"><label>&#916;<textarea name=\"_wpcf7_ak_hp_textarea\" cols=\"45\" rows=\"8\" maxlength=\"100\"><\/textarea><\/label><input type=\"hidden\" id=\"ak_js_1\" name=\"_wpcf7_ak_js\" value=\"16\"\/><script>document.getElementById( \"ak_js_1\" ).setAttribute( \"value\", ( new Date() ).getTime() );<\/script><\/p><input type='hidden' class='wpcf7-pum' value='{\"closepopup\":false,\"closedelay\":0,\"openpopup\":false,\"openpopup_id\":0}' \/><div class=\"wpcf7-response-output\" aria-hidden=\"true\"><\/div>\n<\/form>\n<\/div>\n\n\t\t<\/div>\n\t\t\t\t\t<\/div>\n\n\t\n<\/div>\n","protected":false},"excerpt":{"rendered":"","protected":false},"author":3,"featured_media":0,"parent":0,"menu_order":0,"comment_status":"closed","ping_status":"closed","template":"page-blank.php","meta":{"footnotes":""},"class_list":["post-1034","page","type-page","status-publish","hentry"],"yoast_head":"<!-- This site is optimized with the Yoast SEO plugin v25.3.1 - https:\/\/yoast.com\/wordpress\/plugins\/seo\/ -->\n<title>Li\u00ean h\u1ec7 - Vinhomes Royal Island<\/title>\n<meta name=\"robots\" content=\"index, follow, max-snippet:-1, max-image-preview:large, max-video-preview:-1\" \/>\n<link rel=\"canonical\" href=\"https:\/\/muabanvinhomes.vn\/vinhomes-royal-island\/lien-he\/\" \/>\n<meta property=\"og:locale\" content=\"vi_VN\" \/>\n<meta property=\"og:type\" content=\"article\" \/>\n<meta property=\"og:title\" content=\"Li\u00ean h\u1ec7 - Vinhomes Royal Island\" \/>\n<meta property=\"og:url\" content=\"https:\/\/muabanvinhomes.vn\/vinhomes-royal-island\/lien-he\/\" \/>\n<meta property=\"og:site_name\" content=\"Vinhomes Royal Island\" \/>\n<meta property=\"article:modified_time\" content=\"2026-04-11T01:35:55+00:00\" \/>\n<meta name=\"twitter:card\" content=\"summary_large_image\" \/>\n<meta name=\"twitter:label1\" content=\"\u01af\u1edbc t\u00ednh th\u1eddi gian \u0111\u1ecdc\" \/>\n\t<meta name=\"twitter:data1\" content=\"1 ph\u00fat\" \/>\n<script type=\"application\/ld+json\" class=\"yoast-schema-graph\">{\"@context\":\"https:\/\/schema.org\",\"@graph\":[{\"@type\":\"WebPage\",\"@id\":\"https:\/\/muabanvinhomes.vn\/vinhomes-royal-island\/lien-he\/\",\"url\":\"https:\/\/muabanvinhomes.vn\/vinhomes-royal-island\/lien-he\/\",\"name\":\"Li\u00ean h\u1ec7 - Vinhomes Royal Island\",\"isPartOf\":{\"@id\":\"https:\/\/muabanvinhomes.vn\/vinhomes-royal-island\/#website\"},\"datePublished\":\"2025-06-26T01:51:58+00:00\",\"dateModified\":\"2026-04-11T01:35:55+00:00\",\"breadcrumb\":{\"@id\":\"https:\/\/muabanvinhomes.vn\/vinhomes-royal-island\/lien-he\/#breadcrumb\"},\"inLanguage\":\"vi\",\"potentialAction\":[{\"@type\":\"ReadAction\",\"target\":[\"https:\/\/muabanvinhomes.vn\/vinhomes-royal-island\/lien-he\/\"]}]},{\"@type\":\"BreadcrumbList\",\"@id\":\"https:\/\/muabanvinhomes.vn\/vinhomes-royal-island\/lien-he\/#breadcrumb\",\"itemListElement\":[{\"@type\":\"ListItem\",\"position\":1,\"name\":\"Home\",\"item\":\"https:\/\/muabanvinhomes.vn\/vinhomes-royal-island\/\"},{\"@type\":\"ListItem\",\"position\":2,\"name\":\"Li\u00ean h\u1ec7\"}]},{\"@type\":\"WebSite\",\"@id\":\"https:\/\/muabanvinhomes.vn\/vinhomes-royal-island\/#website\",\"url\":\"https:\/\/muabanvinhomes.vn\/vinhomes-royal-island\/\",\"name\":\"Vinhomes Royal Island\",\"description\":\"\",\"potentialAction\":[{\"@type\":\"SearchAction\",\"target\":{\"@type\":\"EntryPoint\",\"urlTemplate\":\"https:\/\/muabanvinhomes.vn\/vinhomes-royal-island\/?s={search_term_string}\"},\"query-input\":{\"@type\":\"PropertyValueSpecification\",\"valueRequired\":true,\"valueName\":\"search_term_string\"}}],\"inLanguage\":\"vi\"}]}<\/script>\n<!-- \/ Yoast SEO plugin. -->","yoast_head_json":{"title":"Li\u00ean h\u1ec7 - Vinhomes Royal Island","robots":{"index":"index","follow":"follow","max-snippet":"max-snippet:-1","max-image-preview":"max-image-preview:large","max-video-preview":"max-video-preview:-1"},"canonical":"https:\/\/muabanvinhomes.vn\/vinhomes-royal-island\/lien-he\/","og_locale":"vi_VN","og_type":"article","og_title":"Li\u00ean h\u1ec7 - Vinhomes Royal Island","og_url":"https:\/\/muabanvinhomes.vn\/vinhomes-royal-island\/lien-he\/","og_site_name":"Vinhomes Royal Island","article_modified_time":"2026-04-11T01:35:55+00:00","twitter_card":"summary_large_image","twitter_misc":{"\u01af\u1edbc t\u00ednh th\u1eddi gian \u0111\u1ecdc":"1 ph\u00fat"},"schema":{"@context":"https:\/\/schema.org","@graph":[{"@type":"WebPage","@id":"https:\/\/muabanvinhomes.vn\/vinhomes-royal-island\/lien-he\/","url":"https:\/\/muabanvinhomes.vn\/vinhomes-royal-island\/lien-he\/","name":"Li\u00ean h\u1ec7 - Vinhomes Royal Island","isPartOf":{"@id":"https:\/\/muabanvinhomes.vn\/vinhomes-royal-island\/#website"},"datePublished":"2025-06-26T01:51:58+00:00","dateModified":"2026-04-11T01:35:55+00:00","breadcrumb":{"@id":"https:\/\/muabanvinhomes.vn\/vinhomes-royal-island\/lien-he\/#breadcrumb"},"inLanguage":"vi","potentialAction":[{"@type":"ReadAction","target":["https:\/\/muabanvinhomes.vn\/vinhomes-royal-island\/lien-he\/"]}]},{"@type":"BreadcrumbList","@id":"https:\/\/muabanvinhomes.vn\/vinhomes-royal-island\/lien-he\/#breadcrumb","itemListElement":[{"@type":"ListItem","position":1,"name":"Home","item":"https:\/\/muabanvinhomes.vn\/vinhomes-royal-island\/"},{"@type":"ListItem","position":2,"name":"Li\u00ean h\u1ec7"}]},{"@type":"WebSite","@id":"https:\/\/muabanvinhomes.vn\/vinhomes-royal-island\/#website","url":"https:\/\/muabanvinhomes.vn\/vinhomes-royal-island\/","name":"Vinhomes Royal Island","description":"","potentialAction":[{"@type":"SearchAction","target":{"@type":"EntryPoint","urlTemplate":"https:\/\/muabanvinhomes.vn\/vinhomes-royal-island\/?s={search_term_string}"},"query-input":{"@type":"PropertyValueSpecification","valueRequired":true,"valueName":"search_term_string"}}],"inLanguage":"vi"}]}},"_links":{"self":[{"href":"https:\/\/muabanvinhomes.vn\/vinhomes-royal-island\/wp-json\/wp\/v2\/pages\/1034","targetHints":{"allow":["GET"]}}],"collection":[{"href":"https:\/\/muabanvinhomes.vn\/vinhomes-royal-island\/wp-json\/wp\/v2\/pages"}],"about":[{"href":"https:\/\/muabanvinhomes.vn\/vinhomes-royal-island\/wp-json\/wp\/v2\/types\/page"}],"author":[{"embeddable":true,"href":"https:\/\/muabanvinhomes.vn\/vinhomes-royal-island\/wp-json\/wp\/v2\/users\/3"}],"replies":[{"embeddable":true,"href":"https:\/\/muabanvinhomes.vn\/vinhomes-royal-island\/wp-json\/wp\/v2\/comments?post=1034"}],"version-history":[{"count":5,"href":"https:\/\/muabanvinhomes.vn\/vinhomes-royal-island\/wp-json\/wp\/v2\/pages\/1034\/revisions"}],"predecessor-version":[{"id":1284,"href":"https:\/\/muabanvinhomes.vn\/vinhomes-royal-island\/wp-json\/wp\/v2\/pages\/1034\/revisions\/1284"}],"wp:attachment":[{"href":"https:\/\/muabanvinhomes.vn\/vinhomes-royal-island\/wp-json\/wp\/v2\/media?parent=1034"}],"curies":[{"name":"wp","href":"https:\/\/api.w.org\/{rel}","templated":true}]}}